{"id":46,"date":"2018-12-08T10:22:53","date_gmt":"2018-12-08T09:22:53","guid":{"rendered":"http:\/\/waldorfkindergarten-steinheim.de\/?page_id=46"},"modified":"2018-12-08T10:43:37","modified_gmt":"2018-12-08T09:43:37","slug":"raeumlichkeiten","status":"publish","type":"page","link":"http:\/\/waldorfkindergarten-steinheim.de\/?page_id=46","title":{"rendered":"R\u00e4umlichkeiten"},"content":{"rendered":"\n<p><strong>\u00a0<\/strong>In unserer Einrichtung hat die Raumgestaltung einen hohen Stellenwert. Unsere W\u00e4nde sind in gedeckten Farbenlasiert. Unsere eingruppige Einrichtung gliedert sich in den gro\u00dfen achteckigen Gruppenraum. Von diesem f\u00fchrt eine T\u00fcr in einen kleineren Gruppennebenraum, sowie in die Kindergarderobe. Wir haben einen gro\u00dfen Eingangsbereich, der als Mehrzweckraum dient und beispielsweise vormittags f\u00fcr die Eurythmie und mittagsals Ruheraum f\u00fcr die \u00e4lteren Kinder genutzt wird. Des Weiteren gibt es einen kleinen Schlafraum, in dem sich mittags sechs junge Kinder ausruhen k\u00f6nnen und einen gesonderten Wickelraum. Wir verwenden in unserem Kindergarten ausschlie\u00dflich nat\u00fcrliche Materialien, wie Holz, Baumwolle, Seide und Wolle zur Raumgestaltung und als Spielmaterialien. Die Ausstattung der R\u00e4ume besteht ausschlie\u00dflich aus Vollholzm\u00f6beln, die robust und nat\u00fcrlich sind und so von den Kindern auch zum Spielen genutzt werden k\u00f6nnen. Unsere Raumgestaltung macht freies Spiel f\u00fcr die Kinder m\u00f6glich.<\/p>\n","protected":false},"excerpt":{"rendered":"<p>\u00a0In unserer Einrichtung hat die Raumgestaltung einen hohen Stellenwert. Unsere W\u00e4nde sind in gedeckten Farbenlasiert. Unsere eingruppige Einrichtung gliedert sich in den gro\u00dfen achteckigen Gruppenraum. Von diesem f\u00fchrt eine T\u00fcr in einen kleineren Gruppennebenraum, sowie in die Kindergarderobe. Wir haben einen gro\u00dfen Eingangsbereich, der als Mehrzweckraum dient und beispielsweise vormittags f\u00fcr die Eurythmie und mittagsals &hellip; <a href=\"http:\/\/waldorfkindergarten-steinheim.de\/?page_id=46\" class=\"more-link\"><span class=\"screen-reader-text\">R\u00e4umlichkeiten<\/span> weiterlesen <span class=\"meta-nav\">&rarr;<\/span><\/a><\/p>\n","protected":false},"author":1,"featured_media":0,"parent":15,"menu_order":4,"comment_status":"closed","ping_status":"closed","template":"","meta":[],"_links":{"self":[{"href":"http:\/\/waldorfkindergarten-steinheim.de\/index.php?rest_route=\/wp\/v2\/pages\/46"}],"collection":[{"href":"http:\/\/waldorfkindergarten-steinheim.de\/index.php?rest_route=\/wp\/v2\/pages"}],"about":[{"href":"http:\/\/waldorfkindergarten-steinheim.de\/index.php?rest_route=\/wp\/v2\/types\/page"}],"author":[{"embeddable":true,"href":"http:\/\/waldorfkindergarten-steinheim.de\/index.php?rest_route=\/wp\/v2\/users\/1"}],"replies":[{"embeddable":true,"href":"http:\/\/waldorfkindergarten-steinheim.de\/index.php?rest_route=%2Fwp%2Fv2%2Fcomments&post=46"}],"version-history":[{"count":1,"href":"http:\/\/waldorfkindergarten-steinheim.de\/index.php?rest_route=\/wp\/v2\/pages\/46\/revisions"}],"predecessor-version":[{"id":47,"href":"http:\/\/waldorfkindergarten-steinheim.de\/index.php?rest_route=\/wp\/v2\/pages\/46\/revisions\/47"}],"up":[{"embeddable":true,"href":"http:\/\/waldorfkindergarten-steinheim.de\/index.php?rest_route=\/wp\/v2\/pages\/15"}],"wp:attachment":[{"href":"http:\/\/waldorfkindergarten-steinheim.de\/index.php?rest_route=%2Fwp%2Fv2%2Fmedia&parent=46"}],"curies":[{"name":"wp","href":"https:\/\/api.w.org\/{rel}","templated":true}]}}