{"id":36,"date":"2018-12-06T20:21:56","date_gmt":"2018-12-06T19:21:56","guid":{"rendered":"http:\/\/waldorfkindergarten-steinheim.de\/?page_id=36"},"modified":"2018-12-08T10:48:08","modified_gmt":"2018-12-08T09:48:08","slug":"u3","status":"publish","type":"page","link":"http:\/\/waldorfkindergarten-steinheim.de\/?page_id=36","title":{"rendered":"U3"},"content":{"rendered":"<p>Die Bed\u00fcrfnisse der Kinder unter drei Jahren unterscheiden sich deutlich von denen der \u00e4lteren Kinder. Auf Grund seiner Entwicklung bedarf das kleine Kind einer besonderen Unterst\u00fctzung durch den Erwachsenen in allen Bildungsbereichen. Durch Kontinuit\u00e4t der Bezugsperson, liebevoller Begleitung und besonderer Zuwendung schaffen wir einen Raum der Geborgenheit und eine sch\u00fctzende H\u00fclle f\u00fcr das kleine Kind. Unsere R\u00e4umlichkeiten sind an die Bed\u00fcrfnisse der jungen Kinder angepasst. Neben unserem Gruppenraum gibt es einen kleinen Spielraum, in den sich die Kinder bei Bedarf zur\u00fcckziehen k\u00f6nnen. Ebenfalls verf\u00fcgen wir einen Wickelraum und einen gesonderten Schlafraum f\u00fcr die jungen Kinder. In unserem Waldorfkindergarten k\u00f6nnen wir jedes Jahr bis zu sechs Kinder ab dem zweiten Lebensjahr betreuen.<\/p>\n","protected":false},"excerpt":{"rendered":"<p>Die Bed\u00fcrfnisse der Kinder unter drei Jahren unterscheiden sich deutlich von denen der \u00e4lteren Kinder. Auf Grund seiner Entwicklung bedarf das kleine Kind einer besonderen Unterst\u00fctzung durch den Erwachsenen in allen Bildungsbereichen. Durch Kontinuit\u00e4t der Bezugsperson, liebevoller Begleitung und besonderer Zuwendung schaffen wir einen Raum der Geborgenheit und eine sch\u00fctzende H\u00fclle f\u00fcr das kleine Kind. &hellip; <a href=\"http:\/\/waldorfkindergarten-steinheim.de\/?page_id=36\" class=\"more-link\"><span class=\"screen-reader-text\">U3<\/span> weiterlesen <span class=\"meta-nav\">&rarr;<\/span><\/a><\/p>\n","protected":false},"author":1,"featured_media":0,"parent":32,"menu_order":2,"comment_status":"closed","ping_status":"closed","template":"","meta":[],"_links":{"self":[{"href":"http:\/\/waldorfkindergarten-steinheim.de\/index.php?rest_route=\/wp\/v2\/pages\/36"}],"collection":[{"href":"http:\/\/waldorfkindergarten-steinheim.de\/index.php?rest_route=\/wp\/v2\/pages"}],"about":[{"href":"http:\/\/waldorfkindergarten-steinheim.de\/index.php?rest_route=\/wp\/v2\/types\/page"}],"author":[{"embeddable":true,"href":"http:\/\/waldorfkindergarten-steinheim.de\/index.php?rest_route=\/wp\/v2\/users\/1"}],"replies":[{"embeddable":true,"href":"http:\/\/waldorfkindergarten-steinheim.de\/index.php?rest_route=%2Fwp%2Fv2%2Fcomments&post=36"}],"version-history":[{"count":1,"href":"http:\/\/waldorfkindergarten-steinheim.de\/index.php?rest_route=\/wp\/v2\/pages\/36\/revisions"}],"predecessor-version":[{"id":37,"href":"http:\/\/waldorfkindergarten-steinheim.de\/index.php?rest_route=\/wp\/v2\/pages\/36\/revisions\/37"}],"up":[{"embeddable":true,"href":"http:\/\/waldorfkindergarten-steinheim.de\/index.php?rest_route=\/wp\/v2\/pages\/32"}],"wp:attachment":[{"href":"http:\/\/waldorfkindergarten-steinheim.de\/index.php?rest_route=%2Fwp%2Fv2%2Fmedia&parent=36"}],"curies":[{"name":"wp","href":"https:\/\/api.w.org\/{rel}","templated":true}]}}