{"id":32,"date":"2018-12-06T20:20:23","date_gmt":"2018-12-06T19:20:23","guid":{"rendered":"http:\/\/waldorfkindergarten-steinheim.de\/?page_id=32"},"modified":"2018-12-08T10:44:08","modified_gmt":"2018-12-08T09:44:08","slug":"waldorfpaedagogik","status":"publish","type":"page","link":"http:\/\/waldorfkindergarten-steinheim.de\/?page_id=32","title":{"rendered":"Waldorfp\u00e4dagogik"},"content":{"rendered":"<p>In unserer Einrichtung arbeiten wir auf Grundlage der Waldorfp\u00e4dagogik. Teil dieses Konzeptes ist es f\u00fcr die Kinder einen gesundes und nat\u00fcrliches Lebensumfeld zu schaffen. Ein strukturierter, rhythmisch gestalteter Tages-, Wochen- und Jahreslauf gibt den Kindern Sicherheit und eine sch\u00fctzende H\u00fclle, in deren Rahmen sie sich ihrem individuellen Wesen gem\u00e4\u00df entfalten k\u00f6nnen. Gro\u00dfen Wert legen wir in unserer Einrichtung darauf, dass die Kinder die M\u00f6glichkeit zum freien Spiel haben. So k\u00f6nnen die Kinder mit ihrer Fantasie und Kreativit\u00e4t frei in ihr kindliches Spiel eintauchen und ihrem Bewegungs- und Entdeckungsdrang nachkommen. Das kleine Kind orientiert sich an Vorbildern, es lernt vor allem durch Nachahmung. Ungeachtet der F\u00e4higkeit zur Selbstbildung ben\u00f6tigt das Kind auf allen Gebieten Vorbilder, an denen es sich orientieren und die es nachahmen kann. Das Kind liebt es, wenn die Erwachsenen in seiner Umgebung sinnvollen T\u00e4tigkeiten nachgehen, die nachvollziehbar ablaufen und bei denen es mittun kann. Diese T\u00e4tigkeiten des Erwachsenen bilden die Grundlage f\u00fcr das zweckfreie Spiel des Kindes. Durch Selbsterziehung und bewusste Reflexion der eigenen T\u00e4tigkeiten, versuchen die Erzieherinnen ihrer Vorbildaufgabe gerecht werden. Alle angebotenen T\u00e4tigkeiten im Kindergarten, wie kochen, backen, werken und vieles mehr werden so strukturiert, dass die Kindern die M\u00f6glichkeit haben ihrem Entwicklungsstand gem\u00e4\u00df bei diesen mitzuhelfen.<\/p>\n<p>K\u00fcnstlerische Angebote wie Aquarellmalen, Eurythmie, Puppenspiele u.v.m. f\u00f6rdern individuelle Begabungen eines jeden Kindes im Besonderen. Ebenfalls legen wir gro\u00dfen Wert auf die F\u00f6rderung der sinnlichen Entwicklung der Kinder. Wir bauen eine Br\u00fccke zwischen den Lebensfeldern Familie und Kindergarten, um eine Atmosph\u00e4re zu schaffen, in der sich die Kinder wohlf\u00fchlen. Dabei pflegen wir im sozialen Miteinander eine Erziehungspartnerschaft mit den Eltern.<\/p>\n","protected":false},"excerpt":{"rendered":"<p>In unserer Einrichtung arbeiten wir auf Grundlage der Waldorfp\u00e4dagogik. Teil dieses Konzeptes ist es f\u00fcr die Kinder einen gesundes und nat\u00fcrliches Lebensumfeld zu schaffen. Ein strukturierter, rhythmisch gestalteter Tages-, Wochen- und Jahreslauf gibt den Kindern Sicherheit und eine sch\u00fctzende H\u00fclle, in deren Rahmen sie sich ihrem individuellen Wesen gem\u00e4\u00df entfalten k\u00f6nnen. Gro\u00dfen Wert legen wir &hellip; <a href=\"http:\/\/waldorfkindergarten-steinheim.de\/?page_id=32\" class=\"more-link\"><span class=\"screen-reader-text\">Waldorfp\u00e4dagogik<\/span> weiterlesen <span class=\"meta-nav\">&rarr;<\/span><\/a><\/p>\n","protected":false},"author":1,"featured_media":0,"parent":0,"menu_order":2,"comment_status":"closed","ping_status":"closed","template":"","meta":[],"_links":{"self":[{"href":"http:\/\/waldorfkindergarten-steinheim.de\/index.php?rest_route=\/wp\/v2\/pages\/32"}],"collection":[{"href":"http:\/\/waldorfkindergarten-steinheim.de\/index.php?rest_route=\/wp\/v2\/pages"}],"about":[{"href":"http:\/\/waldorfkindergarten-steinheim.de\/index.php?rest_route=\/wp\/v2\/types\/page"}],"author":[{"embeddable":true,"href":"http:\/\/waldorfkindergarten-steinheim.de\/index.php?rest_route=\/wp\/v2\/users\/1"}],"replies":[{"embeddable":true,"href":"http:\/\/waldorfkindergarten-steinheim.de\/index.php?rest_route=%2Fwp%2Fv2%2Fcomments&post=32"}],"version-history":[{"count":1,"href":"http:\/\/waldorfkindergarten-steinheim.de\/index.php?rest_route=\/wp\/v2\/pages\/32\/revisions"}],"predecessor-version":[{"id":33,"href":"http:\/\/waldorfkindergarten-steinheim.de\/index.php?rest_route=\/wp\/v2\/pages\/32\/revisions\/33"}],"wp:attachment":[{"href":"http:\/\/waldorfkindergarten-steinheim.de\/index.php?rest_route=%2Fwp%2Fv2%2Fmedia&parent=32"}],"curies":[{"name":"wp","href":"https:\/\/api.w.org\/{rel}","templated":true}]}}