{"id":2,"date":"2016-05-10T03:48:21","date_gmt":"2016-05-10T01:48:21","guid":{"rendered":"http:\/\/waldorfkindergarten-steinheim.de\/?page_id=2"},"modified":"2019-02-10T11:33:37","modified_gmt":"2019-02-10T10:33:37","slug":"sample-page","status":"publish","type":"page","link":"http:\/\/waldorfkindergarten-steinheim.de\/?page_id=2","title":{"rendered":"\u00dcber uns"},"content":{"rendered":"<p><strong>Leitbild<\/strong><\/p>\n<hr \/>\n<p>Der Waldorfkindergarten Morgenstern ist ein Ort der achtsamen Begegnung zwischen Kindern, P\u00e4dagogInnen, Eltern und allen Angeh\u00f6rigen der Kindergartengemeinschaft. Wir verstehen diese Gemeinschaft als eine Schicksalsgemeinschaft, vom Leben zusammengef\u00fchrt, um voneinander zu lernen. Wir arbeiten auf der Grundlage der anthroposophischen Menschenkunde Rudolf Steiners, die den Menschen als k\u00f6rperlich- seelisch- geistiges Wesen erkennt und alle drei Bereiche gleicherma\u00dfen in ihrer Entwicklung f\u00f6rdern will.<\/p>\n<p>Das Kind steht im Mittelpunkt all unseren Handelns. Wir wollen jedem einzelnen Kind den Freiraum zur individuellen Entwicklung seiner ureigenen Pers\u00f6nlichkeit bewahren und begegnen ihm im Bewusstsein der unantastbaren W\u00fcrde seines ICHS. Die Qualit\u00e4t dieser Begegnung dr\u00fcckt sich in dem Leitspruch aus:<\/p>\n<p>\u00a0<\/p>\n<blockquote>\n<p>In Ehrfurcht empfangen,<\/p>\n<p>in Liebe erziehen,<\/p>\n<p>in Freiheit entlassen.<\/p>\n<p>(R. Steiner)<\/p>\n<\/blockquote>\n<p>\u00a0<\/p>\n<p>Freude an der Arbeit pr\u00e4gt das\u00a0 Miteinander im Team. Pers\u00f6nliche St\u00e4rken tragen zur breitgef\u00e4cherten Erziehungskompetenz bei, Herausforderungen werden als M\u00f6glichkeiten zu mehr Wachstum gesehen. Je besser es gelingt, die Unterschiedlichkeit der einzelnen Pers\u00f6nlichkeiten zu akzeptieren und wert zu sch\u00e4tzen, umso gr\u00f6\u00dfer ist das Entwicklungspotential sowohl f\u00fcr den Einzelnen als auch f\u00fcr das Team und die gesamte Einrichtung. Darin verbirgt sich die Chance, \u00fcber die p\u00e4dagogische Arbeit hinaus einen Zuwachs an Selbst- und Welterkenntnis zu gewinnen und pers\u00f6nlich zu reifen.<\/p>\n<p>F\u00fcr die Zukunft streben wir an, diese selbstgesteckten Ideale immer weiter zu vervollkommnen. Wir m\u00f6chten jene F\u00e4higkeiten ausbauen, die es uns erm\u00f6glichen, sich den laufend ver\u00e4ndernden Bedingungen des modernen Lebens zu stellen, ohne dabei\u00a0 unsere gemeinsamen Werte und unver\u00e4nderlichen Grundlagen zu vernachl\u00e4ssigen.\u00a0\u00a0\u00a0\u00a0\u00a0\u00a0<\/p>\n\n\n<p><\/p>\n","protected":false},"excerpt":{"rendered":"<p>Leitbild Der Waldorfkindergarten Morgenstern ist ein Ort der achtsamen Begegnung zwischen Kindern, P\u00e4dagogInnen, Eltern und allen Angeh\u00f6rigen der Kindergartengemeinschaft. Wir verstehen diese Gemeinschaft als eine Schicksalsgemeinschaft, vom Leben zusammengef\u00fchrt, um voneinander zu lernen. Wir arbeiten auf der Grundlage der anthroposophischen Menschenkunde Rudolf Steiners, die den Menschen als k\u00f6rperlich- seelisch- geistiges Wesen erkennt und alle drei &hellip; <a href=\"http:\/\/waldorfkindergarten-steinheim.de\/?page_id=2\" class=\"more-link\"><span class=\"screen-reader-text\">\u00dcber uns<\/span> weiterlesen <span class=\"meta-nav\">&rarr;<\/span><\/a><\/p>\n","protected":false},"author":1,"featured_media":0,"parent":0,"menu_order":3,"comment_status":"closed","ping_status":"closed","template":"","meta":[],"_links":{"self":[{"href":"http:\/\/waldorfkindergarten-steinheim.de\/index.php?rest_route=\/wp\/v2\/pages\/2"}],"collection":[{"href":"http:\/\/waldorfkindergarten-steinheim.de\/index.php?rest_route=\/wp\/v2\/pages"}],"about":[{"href":"http:\/\/waldorfkindergarten-steinheim.de\/index.php?rest_route=\/wp\/v2\/types\/page"}],"author":[{"embeddable":true,"href":"http:\/\/waldorfkindergarten-steinheim.de\/index.php?rest_route=\/wp\/v2\/users\/1"}],"replies":[{"embeddable":true,"href":"http:\/\/waldorfkindergarten-steinheim.de\/index.php?rest_route=%2Fwp%2Fv2%2Fcomments&post=2"}],"version-history":[{"count":7,"href":"http:\/\/waldorfkindergarten-steinheim.de\/index.php?rest_route=\/wp\/v2\/pages\/2\/revisions"}],"predecessor-version":[{"id":172,"href":"http:\/\/waldorfkindergarten-steinheim.de\/index.php?rest_route=\/wp\/v2\/pages\/2\/revisions\/172"}],"wp:attachment":[{"href":"http:\/\/waldorfkindergarten-steinheim.de\/index.php?rest_route=%2Fwp%2Fv2%2Fmedia&parent=2"}],"curies":[{"name":"wp","href":"https:\/\/api.w.org\/{rel}","templated":true}]}}